{"id":25,"date":"2025-06-23T18:28:43","date_gmt":"2025-06-23T16:28:43","guid":{"rendered":"http:\/\/aquakinedauphine.fr\/?page_id=25"},"modified":"2026-03-26T17:01:02","modified_gmt":"2026-03-26T16:01:02","slug":"lequipe","status":"publish","type":"page","link":"https:\/\/aquakinedauphine.fr\/?page_id=25","title":{"rendered":"L&rsquo;\u00e9quipe"},"content":{"rendered":"\n<div class=\"wp-block-media-text is-stacked-on-mobile\"><figure class=\"wp-block-media-text__media\"><img loading=\"lazy\" decoding=\"async\" width=\"768\" height=\"1024\" src=\"https:\/\/aquakinedauphine.fr\/wp-content\/uploads\/2025\/06\/Photo-Florent-768x1024.jpg\" alt=\"\" class=\"wp-image-192 size-full\" srcset=\"https:\/\/aquakinedauphine.fr\/wp-content\/uploads\/2025\/06\/Photo-Florent-768x1024.jpg 768w, https:\/\/aquakinedauphine.fr\/wp-content\/uploads\/2025\/06\/Photo-Florent-225x300.jpg 225w, https:\/\/aquakinedauphine.fr\/wp-content\/uploads\/2025\/06\/Photo-Florent-1152x1536.jpg 1152w, https:\/\/aquakinedauphine.fr\/wp-content\/uploads\/2025\/06\/Photo-Florent.jpg 1368w\" sizes=\"auto, (max-width: 768px) 100vw, 768px\" \/><\/figure><div class=\"wp-block-media-text__content\">\n<p>Bonjour, je suis Florent Vigouroux, Kin\u00e9sith\u00e9rapeute, Th\u00e9rapeute manuel.<\/p>\n\n\n\n<p>Apr\u00e8s plusieurs exp\u00e9riences en France et \u00e0 l\u2019\u00e9tranger dans diff\u00e9rents services et centres de r\u00e9\u00e9ducation, j\u2019ai d\u00e9cid\u00e9 de revenir m\u2019installer sur mes terres d\u2019origines du Dauphin\u00e9.<br>Professionnel de sant\u00e9 sp\u00e9cialiste du mouvement, j\u2019oriente ma prise en charge individualis\u00e9e en suivant les recommandations de bonnes pratiques scientifiques.<\/p>\n\n\n\n<p>Ma conception de la r\u00e9\u00e9ducation se fonde autour de trois axes : Pr\u00e9venir, Soigner, Conseiller.<\/p>\n\n\n\n<p>Au plaisir de pouvoir vous accompagner et vous aider \u00e0 retrouver une sant\u00e9 optimale.<\/p>\n\n\n\n<ul class=\"wp-block-social-links is-layout-flex wp-block-social-links-is-layout-flex\"><li class=\"wp-social-link wp-social-link-linkedin  wp-block-social-link\"><a href=\"https:\/\/www.linkedin.com\/in\/florent-vigouroux-5689032a\/\" class=\"wp-block-social-link-anchor\"><svg width=\"24\" height=\"24\" viewBox=\"0 0 24 24\" version=\"1.1\" xmlns=\"http:\/\/www.w3.org\/2000\/svg\" aria-hidden=\"true\" focusable=\"false\"><path d=\"M19.7,3H4.3C3.582,3,3,3.582,3,4.3v15.4C3,20.418,3.582,21,4.3,21h15.4c0.718,0,1.3-0.582,1.3-1.3V4.3 C21,3.582,20.418,3,19.7,3z M8.339,18.338H5.667v-8.59h2.672V18.338z M7.004,8.574c-0.857,0-1.549-0.694-1.549-1.548 c0-0.855,0.691-1.548,1.549-1.548c0.854,0,1.547,0.694,1.547,1.548C8.551,7.881,7.858,8.574,7.004,8.574z M18.339,18.338h-2.669 v-4.177c0-0.996-0.017-2.278-1.387-2.278c-1.389,0-1.601,1.086-1.601,2.206v4.249h-2.667v-8.59h2.559v1.174h0.037 c0.356-0.675,1.227-1.387,2.526-1.387c2.703,0,3.203,1.779,3.203,4.092V18.338z\"><\/path><\/svg><span class=\"wp-block-social-link-label screen-reader-text\">LinkedIn<\/span><\/a><\/li><\/ul>\n<\/div><\/div>\n\n\n\n<div class=\"wp-block-media-text is-stacked-on-mobile\"><figure class=\"wp-block-media-text__media\"><img loading=\"lazy\" decoding=\"async\" width=\"391\" height=\"410\" src=\"https:\/\/aquakinedauphine.fr\/wp-content\/uploads\/2025\/09\/Damien-3.png\" alt=\"\" class=\"wp-image-359 size-full\" srcset=\"https:\/\/aquakinedauphine.fr\/wp-content\/uploads\/2025\/09\/Damien-3.png 391w, https:\/\/aquakinedauphine.fr\/wp-content\/uploads\/2025\/09\/Damien-3-286x300.png 286w\" sizes=\"auto, (max-width: 391px) 100vw, 391px\" \/><\/figure><div class=\"wp-block-media-text__content\">\n<p>Bonjour, Damien Meunier Kin\u00e9sith\u00e9rapeute, Ost\u00e9opathe.<\/p>\n\n\n\n<p>A la recherche des meilleures comp\u00e9tences possibles je n&rsquo;ai cess\u00e9 de me former avec des sp\u00e9cialistes nationaux et internationaux.<\/p>\n\n\n\n<p>Mon parcours me permet d&rsquo;allier sensibilit\u00e9 manuelle et rigueur scientifique pour une meilleure prise en charge individualis\u00e9e.<\/p>\n\n\n\n<p>Un corps libre dans ses mouvements, voil\u00e0 vers quoi j&rsquo;aurai plaisir \u00e0 vous accompagner.<\/p>\n<\/div><\/div>\n\n\n\n<div class=\"wp-block-media-text is-stacked-on-mobile\"><figure class=\"wp-block-media-text__media\"><img loading=\"lazy\" decoding=\"async\" width=\"710\" height=\"1024\" src=\"https:\/\/aquakinedauphine.fr\/wp-content\/uploads\/2025\/12\/WhatsApp-Image-2025-12-04-at-14.05.23-710x1024.jpeg\" alt=\"\" class=\"wp-image-382 size-full\" srcset=\"https:\/\/aquakinedauphine.fr\/wp-content\/uploads\/2025\/12\/WhatsApp-Image-2025-12-04-at-14.05.23-710x1024.jpeg 710w, https:\/\/aquakinedauphine.fr\/wp-content\/uploads\/2025\/12\/WhatsApp-Image-2025-12-04-at-14.05.23-208x300.jpeg 208w, https:\/\/aquakinedauphine.fr\/wp-content\/uploads\/2025\/12\/WhatsApp-Image-2025-12-04-at-14.05.23-768x1107.jpeg 768w, https:\/\/aquakinedauphine.fr\/wp-content\/uploads\/2025\/12\/WhatsApp-Image-2025-12-04-at-14.05.23.jpeg 953w\" sizes=\"auto, (max-width: 710px) 100vw, 710px\" \/><\/figure><div class=\"wp-block-media-text__content\">\n<p>&nbsp;Bonjour, Loris Pleinet, kin\u00e9sith\u00e9rapeute<\/p>\n\n\n\n<p>Jeune dipl\u00f4m\u00e9 en masso-kin\u00e9sith\u00e9rapie, je m\u2019attache \u00e0 proposer une prise en charge rigoureuse, personnalis\u00e9e et fond\u00e9e sur les donn\u00e9es actuelles de la science.<\/p>\n\n\n\n<p>Mon objectif est de vous accompagner vers une r\u00e9cup\u00e9ration durable et une meilleure qualit\u00e9 de vie.<\/p>\n\n\n\n<p>Au plaisir de vous accueillir.&nbsp;<\/p>\n<\/div><\/div>\n\n\n\n<div class=\"wp-block-media-text is-stacked-on-mobile\"><figure class=\"wp-block-media-text__media\"><img loading=\"lazy\" decoding=\"async\" width=\"1024\" height=\"801\" src=\"https:\/\/aquakinedauphine.fr\/wp-content\/uploads\/2026\/03\/WhatsApp-Image-2026-03-25-at-20.37.52.jpeg\" alt=\"\" class=\"wp-image-389 size-full\" srcset=\"https:\/\/aquakinedauphine.fr\/wp-content\/uploads\/2026\/03\/WhatsApp-Image-2026-03-25-at-20.37.52.jpeg 1024w, https:\/\/aquakinedauphine.fr\/wp-content\/uploads\/2026\/03\/WhatsApp-Image-2026-03-25-at-20.37.52-300x235.jpeg 300w, https:\/\/aquakinedauphine.fr\/wp-content\/uploads\/2026\/03\/WhatsApp-Image-2026-03-25-at-20.37.52-768x601.jpeg 768w\" sizes=\"auto, (max-width: 1024px) 100vw, 1024px\" \/><\/figure><div class=\"wp-block-media-text__content\">\n<p>Bonjour, je suis Chems-eddine Zouaghi,<\/p>\n\n\n\n<p>dipl\u00f4m\u00e9 en kin\u00e9sith\u00e9rapie, je suis passionn\u00e9 par le sport et la nutrition. <\/p>\n\n\n\n<p>J\u2019accompagne mes patients en r\u00e9\u00e9ducation g\u00e9n\u00e9rale, ainsi que dans la reprise progressive d\u2019une activit\u00e9 physique et sportive, avec une approche personnalis\u00e9e et adapt\u00e9e \u00e0 chacun.<\/p>\n\n\n\n<p>Au plaisir de vous accompagner.<\/p>\n<\/div><\/div>\n","protected":false},"excerpt":{"rendered":"<p>Bonjour, Damien Meunier Kin\u00e9sith\u00e9rapeute, Ost\u00e9opathe. A la recherche des meilleures comp\u00e9tences possibles je n&rsquo;ai cess\u00e9 de me former avec des sp\u00e9cialistes nationaux et internationaux. Mon parcours me permet d&rsquo;allier sensibilit\u00e9 manuelle et rigueur scientifique pour une meilleure prise en charge individualis\u00e9e. Un corps libre dans ses mouvements, voil\u00e0 vers quoi j&rsquo;aurai plaisir \u00e0 vous accompagner&#8230;.<\/p>\n","protected":false},"author":1,"featured_media":0,"parent":0,"menu_order":0,"comment_status":"closed","ping_status":"closed","template":"","meta":{"_kad_post_transparent":"","_kad_post_title":"","_kad_post_layout":"","_kad_post_sidebar_id":"","_kad_post_content_style":"","_kad_post_vertical_padding":"","_kad_post_feature":"","_kad_post_feature_position":"","_kad_post_header":false,"_kad_post_footer":false,"footnotes":""},"class_list":["post-25","page","type-page","status-publish","hentry"],"_links":{"self":[{"href":"https:\/\/aquakinedauphine.fr\/index.php?rest_route=\/wp\/v2\/pages\/25","targetHints":{"allow":["GET"]}}],"collection":[{"href":"https:\/\/aquakinedauphine.fr\/index.php?rest_route=\/wp\/v2\/pages"}],"about":[{"href":"https:\/\/aquakinedauphine.fr\/index.php?rest_route=\/wp\/v2\/types\/page"}],"author":[{"embeddable":true,"href":"https:\/\/aquakinedauphine.fr\/index.php?rest_route=\/wp\/v2\/users\/1"}],"replies":[{"embeddable":true,"href":"https:\/\/aquakinedauphine.fr\/index.php?rest_route=%2Fwp%2Fv2%2Fcomments&post=25"}],"version-history":[{"count":9,"href":"https:\/\/aquakinedauphine.fr\/index.php?rest_route=\/wp\/v2\/pages\/25\/revisions"}],"predecessor-version":[{"id":391,"href":"https:\/\/aquakinedauphine.fr\/index.php?rest_route=\/wp\/v2\/pages\/25\/revisions\/391"}],"wp:attachment":[{"href":"https:\/\/aquakinedauphine.fr\/index.php?rest_route=%2Fwp%2Fv2%2Fmedia&parent=25"}],"curies":[{"name":"wp","href":"https:\/\/api.w.org\/{rel}","templated":true}]}}