{"id":254,"date":"2025-07-14T12:56:12","date_gmt":"2025-07-14T10:56:12","guid":{"rendered":"http:\/\/aquakinedauphine.fr\/?page_id=254"},"modified":"2025-07-14T12:56:12","modified_gmt":"2025-07-14T10:56:12","slug":"methode-mc-kenzie","status":"publish","type":"page","link":"https:\/\/aquakinedauphine.fr\/?page_id=254","title":{"rendered":"M\u00e9thode Mc KENZIE"},"content":{"rendered":"\n<p>La m\u00e9thode Mc Kenzie, \u00e9galement appel\u00e9e <strong>M\u00e9thode de Diagnostic et de Th\u00e9rapie M\u00e9canique (MDT)<\/strong>, est une approche reconnue dans le traitement des douleurs musculo-squelettiques, notamment au niveau du <strong>dos (lombalgie)<\/strong> et du <strong>cou (cervicalgie)<\/strong>.<\/p>\n\n\n\n<p>D\u00e9velopp\u00e9e par le kin\u00e9sith\u00e9rapeute n\u00e9o-z\u00e9landais Robin McKenzie, cette m\u00e9thode repose sur un <strong>diagnostic pr\u00e9cis bas\u00e9 sur les mouvements<\/strong> et les <strong>positions du corps<\/strong>, afin d\u2019identifier les causes m\u00e9caniques des douleurs. Contrairement \u00e0 des techniques passives, la m\u00e9thode McKenzie <strong>implique activement le patient<\/strong> dans sa prise en charge gr\u00e2ce \u00e0 des <strong>exercices simples, cibl\u00e9s et personnalis\u00e9s<\/strong>.<\/p>\n\n\n\n<p><\/p>\n","protected":false},"excerpt":{"rendered":"<p>La m\u00e9thode Mc Kenzie, \u00e9galement appel\u00e9e M\u00e9thode de Diagnostic et de Th\u00e9rapie M\u00e9canique (MDT), est une approche reconnue dans le traitement des douleurs musculo-squelettiques, notamment au niveau du dos (lombalgie) et du cou (cervicalgie). D\u00e9velopp\u00e9e par le kin\u00e9sith\u00e9rapeute n\u00e9o-z\u00e9landais Robin McKenzie, cette m\u00e9thode repose sur un diagnostic pr\u00e9cis bas\u00e9 sur les mouvements et les positions&#8230;<\/p>\n","protected":false},"author":1,"featured_media":0,"parent":0,"menu_order":0,"comment_status":"closed","ping_status":"closed","template":"","meta":{"_kad_post_transparent":"","_kad_post_title":"","_kad_post_layout":"","_kad_post_sidebar_id":"","_kad_post_content_style":"","_kad_post_vertical_padding":"","_kad_post_feature":"","_kad_post_feature_position":"","_kad_post_header":false,"_kad_post_footer":false,"footnotes":""},"class_list":["post-254","page","type-page","status-publish","hentry"],"_links":{"self":[{"href":"https:\/\/aquakinedauphine.fr\/index.php?rest_route=\/wp\/v2\/pages\/254","targetHints":{"allow":["GET"]}}],"collection":[{"href":"https:\/\/aquakinedauphine.fr\/index.php?rest_route=\/wp\/v2\/pages"}],"about":[{"href":"https:\/\/aquakinedauphine.fr\/index.php?rest_route=\/wp\/v2\/types\/page"}],"author":[{"embeddable":true,"href":"https:\/\/aquakinedauphine.fr\/index.php?rest_route=\/wp\/v2\/users\/1"}],"replies":[{"embeddable":true,"href":"https:\/\/aquakinedauphine.fr\/index.php?rest_route=%2Fwp%2Fv2%2Fcomments&post=254"}],"version-history":[{"count":1,"href":"https:\/\/aquakinedauphine.fr\/index.php?rest_route=\/wp\/v2\/pages\/254\/revisions"}],"predecessor-version":[{"id":256,"href":"https:\/\/aquakinedauphine.fr\/index.php?rest_route=\/wp\/v2\/pages\/254\/revisions\/256"}],"wp:attachment":[{"href":"https:\/\/aquakinedauphine.fr\/index.php?rest_route=%2Fwp%2Fv2%2Fmedia&parent=254"}],"curies":[{"name":"wp","href":"https:\/\/api.w.org\/{rel}","templated":true}]}}