{"id":265,"date":"2025-07-14T13:15:21","date_gmt":"2025-07-14T11:15:21","guid":{"rendered":"http:\/\/aquakinedauphine.fr\/?page_id=265"},"modified":"2025-07-14T20:53:37","modified_gmt":"2025-07-14T18:53:37","slug":"methode-busquet-chaines-musculaires","status":"publish","type":"page","link":"https:\/\/aquakinedauphine.fr\/?page_id=265","title":{"rendered":"M\u00e9thode Busquet &#8211; Cha\u00eenes Musculaires"},"content":{"rendered":"\n<p><em>Pour la prise de rdv pour la prestation suivante, merci d\u2019envoyer un sms au&nbsp;<strong>07 67 36 04 83<\/strong>&nbsp;en pr\u00e9cisant votre nom et pr\u00e9nom.<\/em><\/p>\n\n\n\n<h2 class=\"wp-block-heading\"><strong>Une approche globale pour un mieux-\u00eatre durable<\/strong><\/h2>\n\n\n\n<p>La <strong>m\u00e9thode Busquet<\/strong>, aussi appel\u00e9e \u00ab&nbsp;cha\u00eenes musculaires et articulaires \u2013 m\u00e9thode globale&nbsp;\u00bb, est une approche th\u00e9rapeutique fond\u00e9e sur une compr\u00e9hension pr\u00e9cise de l\u2019organisation du corps humain en <strong>cha\u00eenes fonctionnelles<\/strong>.<\/p>\n\n\n\n<h3 class=\"wp-block-heading\"><strong>Principe fondamental : le corps fonctionne en cha\u00eenes<\/strong><\/h3>\n\n\n\n<p>Le corps humain est organis\u00e9 en <strong>cha\u00eenes musculaires et articulaires<\/strong> qui relient les diff\u00e9rentes parties entre elles. Lorsqu\u2019un maillon de cette cha\u00eene est perturb\u00e9 (par un traumatisme, une mauvaise posture, un stress, une chirurgie\u2026), il peut en r\u00e9sulter :<\/p>\n\n\n\n<ul class=\"wp-block-list\">\n<li>Des douleurs chroniques ou r\u00e9cidivantes<\/li>\n\n\n\n<li>Une perte de mobilit\u00e9<\/li>\n\n\n\n<li>Des troubles de la posture<\/li>\n\n\n\n<li>Une fatigue corporelle diffuse<\/li>\n<\/ul>\n\n\n\n<p>La m\u00e9thode Busquet vise \u00e0 <strong>identifier la cha\u00eene responsable<\/strong> du trouble, puis \u00e0 <strong>lever les tensions<\/strong>, lib\u00e9rer la mobilit\u00e9 et <strong>r\u00e9\u00e9quilibrer le corps dans sa globalit\u00e9<\/strong>.<\/p>\n\n\n\n<h3 class=\"wp-block-heading\"><strong>Indications courantes de la m\u00e9thode :<\/strong><\/h3>\n\n\n\n<ul class=\"wp-block-list\">\n<li>Douleurs lombaires, dorsales, cervicales<\/li>\n\n\n\n<li>Troubles posturaux (scoliose, hyperlordose, etc.)<\/li>\n\n\n\n<li>Douleurs chroniques <\/li>\n\n\n\n<li>Migraines ou c\u00e9phal\u00e9es d\u2019origine posturale<\/li>\n\n\n\n<li>Suites de traumatismes ou de chirurgies<\/li>\n\n\n\n<li>Accompagnement du sportif ou de la femme enceinte<\/li>\n<\/ul>\n\n\n\n<h3 class=\"wp-block-heading\"><strong>Pourquoi choisir la m\u00e9thode Busquet chez Aquakin\u00e9 ?<\/strong><\/h3>\n\n\n\n<p>Chez <strong>Aquakin\u00e9<\/strong>, nous int\u00e9grons la m\u00e9thode Busquet dans une <strong>prise en charge individualis\u00e9e<\/strong>, adapt\u00e9e \u00e0 vos besoins sp\u00e9cifiques. Notre objectif est de :<\/p>\n\n\n\n<ul class=\"wp-block-list\">\n<li>Travailler en <strong>douceur et profondeur<\/strong>, sans forcer le corps<\/li>\n\n\n\n<li><strong>Traiter la cause<\/strong>, pas seulement le sympt\u00f4me<\/li>\n\n\n\n<li>Vous aider \u00e0 <strong>retrouver une harmonie corporelle durable<\/strong><\/li>\n<\/ul>\n\n\n\n<h3 class=\"wp-block-heading\"><strong>Une m\u00e9thode douce, pr\u00e9cise et respectueuse du corps<\/strong><\/h3>\n\n\n\n<p>La m\u00e9thode Busquet ne repose pas sur des manipulations brutales. Elle utilise des techniques manuelles fines, une analyse posturale rigoureuse, et une approche p\u00e9dagogique pour que le patient comprenne ses d\u00e9s\u00e9quilibres et participe activement \u00e0 sa r\u00e9cup\u00e9ration.<\/p>\n\n\n\n<p><em>Dur\u00e9e de la s\u00e9ance : 50 mn<\/em><\/p>\n\n\n\n<p><em>Tarif de la s\u00e9ance : 50 \u20ac<\/em><\/p>\n\n\n\n<p><\/p>\n","protected":false},"excerpt":{"rendered":"<p>Pour la prise de rdv pour la prestation suivante, merci d\u2019envoyer un sms au&nbsp;07 67 36 04 83&nbsp;en pr\u00e9cisant votre nom et pr\u00e9nom. Une approche globale pour un mieux-\u00eatre durable La m\u00e9thode Busquet, aussi appel\u00e9e \u00ab&nbsp;cha\u00eenes musculaires et articulaires \u2013 m\u00e9thode globale&nbsp;\u00bb, est une approche th\u00e9rapeutique fond\u00e9e sur une compr\u00e9hension pr\u00e9cise de l\u2019organisation du corps&#8230;<\/p>\n","protected":false},"author":1,"featured_media":0,"parent":0,"menu_order":0,"comment_status":"closed","ping_status":"closed","template":"","meta":{"_kad_post_transparent":"","_kad_post_title":"","_kad_post_layout":"","_kad_post_sidebar_id":"","_kad_post_content_style":"","_kad_post_vertical_padding":"","_kad_post_feature":"","_kad_post_feature_position":"","_kad_post_header":false,"_kad_post_footer":false,"footnotes":""},"class_list":["post-265","page","type-page","status-publish","hentry"],"_links":{"self":[{"href":"https:\/\/aquakinedauphine.fr\/index.php?rest_route=\/wp\/v2\/pages\/265","targetHints":{"allow":["GET"]}}],"collection":[{"href":"https:\/\/aquakinedauphine.fr\/index.php?rest_route=\/wp\/v2\/pages"}],"about":[{"href":"https:\/\/aquakinedauphine.fr\/index.php?rest_route=\/wp\/v2\/types\/page"}],"author":[{"embeddable":true,"href":"https:\/\/aquakinedauphine.fr\/index.php?rest_route=\/wp\/v2\/users\/1"}],"replies":[{"embeddable":true,"href":"https:\/\/aquakinedauphine.fr\/index.php?rest_route=%2Fwp%2Fv2%2Fcomments&post=265"}],"version-history":[{"count":3,"href":"https:\/\/aquakinedauphine.fr\/index.php?rest_route=\/wp\/v2\/pages\/265\/revisions"}],"predecessor-version":[{"id":330,"href":"https:\/\/aquakinedauphine.fr\/index.php?rest_route=\/wp\/v2\/pages\/265\/revisions\/330"}],"wp:attachment":[{"href":"https:\/\/aquakinedauphine.fr\/index.php?rest_route=%2Fwp%2Fv2%2Fmedia&parent=265"}],"curies":[{"name":"wp","href":"https:\/\/api.w.org\/{rel}","templated":true}]}}