{"id":27,"date":"2025-06-23T18:29:02","date_gmt":"2025-06-23T16:29:02","guid":{"rendered":"http:\/\/aquakinedauphine.fr\/?page_id=27"},"modified":"2025-11-11T18:20:15","modified_gmt":"2025-11-11T17:20:15","slug":"les-soins","status":"publish","type":"page","link":"https:\/\/aquakinedauphine.fr\/?page_id=27","title":{"rendered":"Nos Soins conventionn\u00e9s"},"content":{"rendered":"\n<h3 class=\"wp-block-heading\">Kin\u00e9sith\u00e9rapie G\u00e9n\u00e9rale<\/h3>\n\n\n\n<p>\ud83d\udc50 <strong>Retrouvez mobilit\u00e9, confort et autonomie au quotidien gr\u00e2ce \u00e0 une prise en charge personnalis\u00e9e en kin\u00e9sith\u00e9rapie g\u00e9n\u00e9rale.<\/strong><\/p>\n\n\n\n<h3 class=\"wp-block-heading\">Baln\u00e9oth\u00e9rapie<\/h3>\n\n\n\n<p>\ud83d\udca7 <strong>Soulagez vos douleurs et facilitez vos mouvements gr\u00e2ce \u00e0 des s\u00e9ances de r\u00e9\u00e9ducation en piscine chauff\u00e9e, adapt\u00e9es \u00e0 vos besoins.<\/strong><\/p>\n\n\n\n<h3 class=\"wp-block-heading\">Kin\u00e9sith\u00e9rapie du Sport<\/h3>\n\n\n\n<p>\ud83c\udfc3\u200d\u2642\ufe0f <strong>Acc\u00e9l\u00e9rez votre r\u00e9cup\u00e9ration et reprenez votre activit\u00e9 sportive en toute s\u00e9curit\u00e9 gr\u00e2ce \u00e0 la kin\u00e9sith\u00e9rapie du sport.<\/strong><\/p>\n","protected":false},"excerpt":{"rendered":"<p>Kin\u00e9sith\u00e9rapie G\u00e9n\u00e9rale \ud83d\udc50 Retrouvez mobilit\u00e9, confort et autonomie au quotidien gr\u00e2ce \u00e0 une prise en charge personnalis\u00e9e en kin\u00e9sith\u00e9rapie g\u00e9n\u00e9rale. Baln\u00e9oth\u00e9rapie \ud83d\udca7 Soulagez vos douleurs et facilitez vos mouvements gr\u00e2ce \u00e0 des s\u00e9ances de r\u00e9\u00e9ducation en piscine chauff\u00e9e, adapt\u00e9es \u00e0 vos besoins. Kin\u00e9sith\u00e9rapie du Sport \ud83c\udfc3\u200d\u2642\ufe0f Acc\u00e9l\u00e9rez votre r\u00e9cup\u00e9ration et reprenez votre activit\u00e9 sportive en&#8230;<\/p>\n","protected":false},"author":1,"featured_media":0,"parent":0,"menu_order":0,"comment_status":"closed","ping_status":"closed","template":"","meta":{"_kad_post_transparent":"","_kad_post_title":"","_kad_post_layout":"","_kad_post_sidebar_id":"","_kad_post_content_style":"","_kad_post_vertical_padding":"","_kad_post_feature":"","_kad_post_feature_position":"","_kad_post_header":false,"_kad_post_footer":false,"footnotes":""},"class_list":["post-27","page","type-page","status-publish","hentry"],"_links":{"self":[{"href":"https:\/\/aquakinedauphine.fr\/index.php?rest_route=\/wp\/v2\/pages\/27","targetHints":{"allow":["GET"]}}],"collection":[{"href":"https:\/\/aquakinedauphine.fr\/index.php?rest_route=\/wp\/v2\/pages"}],"about":[{"href":"https:\/\/aquakinedauphine.fr\/index.php?rest_route=\/wp\/v2\/types\/page"}],"author":[{"embeddable":true,"href":"https:\/\/aquakinedauphine.fr\/index.php?rest_route=\/wp\/v2\/users\/1"}],"replies":[{"embeddable":true,"href":"https:\/\/aquakinedauphine.fr\/index.php?rest_route=%2Fwp%2Fv2%2Fcomments&post=27"}],"version-history":[{"count":4,"href":"https:\/\/aquakinedauphine.fr\/index.php?rest_route=\/wp\/v2\/pages\/27\/revisions"}],"predecessor-version":[{"id":379,"href":"https:\/\/aquakinedauphine.fr\/index.php?rest_route=\/wp\/v2\/pages\/27\/revisions\/379"}],"wp:attachment":[{"href":"https:\/\/aquakinedauphine.fr\/index.php?rest_route=%2Fwp%2Fv2%2Fmedia&parent=27"}],"curies":[{"name":"wp","href":"https:\/\/api.w.org\/{rel}","templated":true}]}}