{"id":283,"date":"2025-07-14T18:54:39","date_gmt":"2025-07-14T16:54:39","guid":{"rendered":"http:\/\/aquakinedauphine.fr\/?page_id=283"},"modified":"2025-07-14T18:54:39","modified_gmt":"2025-07-14T16:54:39","slug":"electrotherapie","status":"publish","type":"page","link":"https:\/\/aquakinedauphine.fr\/?page_id=283","title":{"rendered":"El\u00e9ctroth\u00e9rapie"},"content":{"rendered":"\n<h2 class=\"wp-block-heading\">L&rsquo;\u00c9lectroth\u00e9rapie <\/h2>\n\n\n\n<p>L\u2019<strong>\u00e9lectroth\u00e9rapie<\/strong> utilise des courants \u00e9lectriques de faible intensit\u00e9 \u00e0 vis\u00e9e th\u00e9rapeutique pour <strong>soulager la douleur, favoriser la r\u00e9cup\u00e9ration musculaire et am\u00e9liorer la circulation<\/strong>.<\/p>\n\n\n\n<h3 class=\"wp-block-heading\">Quels sont les b\u00e9n\u00e9fices ?<\/h3>\n\n\n\n<p>\u2714 <strong>Soulagement de la douleur<\/strong>,<br>\u2714 Acc\u00e9l\u00e9ration de la r\u00e9cup\u00e9ration,<br>\u2714 Limitation de la fonte musculaire,<br>\u2714 Am\u00e9lioration de la circulation,<br>\u2714 Compl\u00e9ment aux s\u00e9ances de r\u00e9\u00e9ducation.<\/p>\n\n\n\n<p><\/p>\n","protected":false},"excerpt":{"rendered":"<p>L&rsquo;\u00c9lectroth\u00e9rapie L\u2019\u00e9lectroth\u00e9rapie utilise des courants \u00e9lectriques de faible intensit\u00e9 \u00e0 vis\u00e9e th\u00e9rapeutique pour soulager la douleur, favoriser la r\u00e9cup\u00e9ration musculaire et am\u00e9liorer la circulation. Quels sont les b\u00e9n\u00e9fices ? \u2714 Soulagement de la douleur,\u2714 Acc\u00e9l\u00e9ration de la r\u00e9cup\u00e9ration,\u2714 Limitation de la fonte musculaire,\u2714 Am\u00e9lioration de la circulation,\u2714 Compl\u00e9ment aux s\u00e9ances de r\u00e9\u00e9ducation.<\/p>\n","protected":false},"author":1,"featured_media":0,"parent":0,"menu_order":0,"comment_status":"closed","ping_status":"closed","template":"","meta":{"_kad_post_transparent":"","_kad_post_title":"","_kad_post_layout":"","_kad_post_sidebar_id":"","_kad_post_content_style":"","_kad_post_vertical_padding":"","_kad_post_feature":"","_kad_post_feature_position":"","_kad_post_header":false,"_kad_post_footer":false,"footnotes":""},"class_list":["post-283","page","type-page","status-publish","hentry"],"_links":{"self":[{"href":"https:\/\/aquakinedauphine.fr\/index.php?rest_route=\/wp\/v2\/pages\/283","targetHints":{"allow":["GET"]}}],"collection":[{"href":"https:\/\/aquakinedauphine.fr\/index.php?rest_route=\/wp\/v2\/pages"}],"about":[{"href":"https:\/\/aquakinedauphine.fr\/index.php?rest_route=\/wp\/v2\/types\/page"}],"author":[{"embeddable":true,"href":"https:\/\/aquakinedauphine.fr\/index.php?rest_route=\/wp\/v2\/users\/1"}],"replies":[{"embeddable":true,"href":"https:\/\/aquakinedauphine.fr\/index.php?rest_route=%2Fwp%2Fv2%2Fcomments&post=283"}],"version-history":[{"count":1,"href":"https:\/\/aquakinedauphine.fr\/index.php?rest_route=\/wp\/v2\/pages\/283\/revisions"}],"predecessor-version":[{"id":285,"href":"https:\/\/aquakinedauphine.fr\/index.php?rest_route=\/wp\/v2\/pages\/283\/revisions\/285"}],"wp:attachment":[{"href":"https:\/\/aquakinedauphine.fr\/index.php?rest_route=%2Fwp%2Fv2%2Fmedia&parent=283"}],"curies":[{"name":"wp","href":"https:\/\/api.w.org\/{rel}","templated":true}]}}