{"id":287,"date":"2025-07-14T19:01:55","date_gmt":"2025-07-14T17:01:55","guid":{"rendered":"http:\/\/aquakinedauphine.fr\/?page_id=287"},"modified":"2025-07-14T20:54:55","modified_gmt":"2025-07-14T18:54:55","slug":"therapie-manuelle-orthopedique","status":"publish","type":"page","link":"https:\/\/aquakinedauphine.fr\/?page_id=287","title":{"rendered":"Th\u00e9rapie manuelle orthop\u00e9dique"},"content":{"rendered":"\n<p><em>Pour la prise de rdv pour la prestation suivante, merci d\u2019envoyer un sms au\u00a0<strong>07 67 36 04 83<\/strong>\u00a0en pr\u00e9cisant votre nom et pr\u00e9nom.<\/em><\/p>\n\n\n\n<h2 class=\"wp-block-heading\">La Th\u00e9rapie Manuelle Orthop\u00e9dique <\/h2>\n\n\n\n<p>La <strong>Th\u00e9rapie Manuelle Orthop\u00e9dique (TMO)<\/strong> est une approche sp\u00e9cifique de r\u00e9\u00e9ducation qui permet de diagnostiquer, traiter et pr\u00e9venir les troubles neuro-musculo-squelettiques gr\u00e2ce \u00e0 des techniques manuelles pr\u00e9cises.<\/p>\n\n\n\n<h3 class=\"wp-block-heading\">Qu&rsquo;est-ce que la Th\u00e9rapie Manuelle Orthop\u00e9dique ?<\/h3>\n\n\n\n<p>La TMO s\u2019appuie sur une \u00e9valuation compl\u00e8te de vos douleurs et limitations de mouvement pour proposer des <strong>techniques manuelles cibl\u00e9es<\/strong> :<\/p>\n\n\n\n<ul class=\"wp-block-list\">\n<li>Mobilisations passives sp\u00e9cifiques des articulations que l&rsquo;on retrouvent en ost\u00e9opathie,<\/li>\n\n\n\n<li>Techniques de rel\u00e2chement musculaire et myofascial,<\/li>\n\n\n\n<li>Travail de la posture et de l\u2019\u00e9quilibre articulaire,<\/li>\n\n\n\n<li>Conseils et exercices personnalis\u00e9s pour prolonger les effets des s\u00e9ances.<\/li>\n<\/ul>\n\n\n\n<p>Cette approche vise \u00e0 <strong>restaurer la mobilit\u00e9, diminuer la douleur et am\u00e9liorer la fonction articulaire<\/strong> dans le respect de vos sensations et de votre confort.<\/p>\n\n\n\n<h3 class=\"wp-block-heading\">Pour quelles indications ?<\/h3>\n\n\n\n<p>La TMO est particuli\u00e8rement adapt\u00e9e pour :<br>\u2705 Douleurs articulaires chroniques ou aigu\u00ebs (lombalgie, cervicalgie, \u00e9paule, genou),<br>\u2705 Blocages articulaires, raideurs, perte de mobilit\u00e9,<br>\u2705 Sciatiques, cruralgies, n\u00e9vralgies,<br>\u2705 Tendinopathies, douleurs musculaires,<br>\u2705 Troubles posturaux et limitations fonctionnelles.<\/p>\n\n\n\n<h3 class=\"wp-block-heading\">Quels sont les b\u00e9n\u00e9fices ?<\/h3>\n\n\n\n<p>\u2714 Soulagement durable des douleurs,<br>\u2714 Am\u00e9lioration de la mobilit\u00e9 et de la posture,<br>\u2714 Pr\u00e9vention des r\u00e9cidives,<br>\u2714 Compr\u00e9hension de votre douleur et de ses causes,<br>\u2714 Retrouver confiance dans le mouvement.<\/p>\n\n\n\n<h3 class=\"wp-block-heading\">Comment se d\u00e9roule une s\u00e9ance ?<\/h3>\n\n\n\n<p>Lors d\u2019une s\u00e9ance de Th\u00e9rapie Manuelle Orthop\u00e9dique :<\/p>\n\n\n\n<ul class=\"wp-block-list\">\n<li>Votre kin\u00e9sith\u00e9rapeute r\u00e9alise un <strong>bilan pr\u00e9cis de votre douleur et de votre mobilit\u00e9<\/strong>,<\/li>\n\n\n\n<li>Identifie les dysfonctionnements articulaires et musculaires,<\/li>\n\n\n\n<li>R\u00e9alise des mobilisations adapt\u00e9es \u00e0 votre situation,<\/li>\n\n\n\n<li>Vous guide dans des exercices cibl\u00e9s pour stabiliser les b\u00e9n\u00e9fices des s\u00e9ances.<\/li>\n<\/ul>\n\n\n\n<p>Chaque prise en charge est <strong>personnalis\u00e9e<\/strong> selon vos besoins et votre rythme, dans une approche globale et bienveillante.<\/p>\n\n\n\n<p><em>Dur\u00e9e de la s\u00e9ance : 50 mn<\/em><\/p>\n\n\n\n<p><em>Tarif de la s\u00e9ance : 50 \u20ac<\/em><\/p>\n","protected":false},"excerpt":{"rendered":"<p>Pour la prise de rdv pour la prestation suivante, merci d\u2019envoyer un sms au\u00a007 67 36 04 83\u00a0en pr\u00e9cisant votre nom et pr\u00e9nom. La Th\u00e9rapie Manuelle Orthop\u00e9dique La Th\u00e9rapie Manuelle Orthop\u00e9dique (TMO) est une approche sp\u00e9cifique de r\u00e9\u00e9ducation qui permet de diagnostiquer, traiter et pr\u00e9venir les troubles neuro-musculo-squelettiques gr\u00e2ce \u00e0 des techniques manuelles pr\u00e9cises. Qu&rsquo;est-ce&#8230;<\/p>\n","protected":false},"author":1,"featured_media":0,"parent":0,"menu_order":0,"comment_status":"closed","ping_status":"closed","template":"","meta":{"_kad_post_transparent":"","_kad_post_title":"","_kad_post_layout":"","_kad_post_sidebar_id":"","_kad_post_content_style":"","_kad_post_vertical_padding":"","_kad_post_feature":"","_kad_post_feature_position":"","_kad_post_header":false,"_kad_post_footer":false,"footnotes":""},"class_list":["post-287","page","type-page","status-publish","hentry"],"_links":{"self":[{"href":"https:\/\/aquakinedauphine.fr\/index.php?rest_route=\/wp\/v2\/pages\/287","targetHints":{"allow":["GET"]}}],"collection":[{"href":"https:\/\/aquakinedauphine.fr\/index.php?rest_route=\/wp\/v2\/pages"}],"about":[{"href":"https:\/\/aquakinedauphine.fr\/index.php?rest_route=\/wp\/v2\/types\/page"}],"author":[{"embeddable":true,"href":"https:\/\/aquakinedauphine.fr\/index.php?rest_route=\/wp\/v2\/users\/1"}],"replies":[{"embeddable":true,"href":"https:\/\/aquakinedauphine.fr\/index.php?rest_route=%2Fwp%2Fv2%2Fcomments&post=287"}],"version-history":[{"count":3,"href":"https:\/\/aquakinedauphine.fr\/index.php?rest_route=\/wp\/v2\/pages\/287\/revisions"}],"predecessor-version":[{"id":331,"href":"https:\/\/aquakinedauphine.fr\/index.php?rest_route=\/wp\/v2\/pages\/287\/revisions\/331"}],"wp:attachment":[{"href":"https:\/\/aquakinedauphine.fr\/index.php?rest_route=%2Fwp%2Fv2%2Fmedia&parent=287"}],"curies":[{"name":"wp","href":"https:\/\/api.w.org\/{rel}","templated":true}]}}