{"id":29,"date":"2025-06-23T18:29:27","date_gmt":"2025-06-23T16:29:27","guid":{"rendered":"http:\/\/aquakinedauphine.fr\/?page_id=29"},"modified":"2025-07-14T21:13:03","modified_gmt":"2025-07-14T19:13:03","slug":"les-soins-hors-convention","status":"publish","type":"page","link":"https:\/\/aquakinedauphine.fr\/?page_id=29","title":{"rendered":"Nos Techniques"},"content":{"rendered":"\n<h3 class=\"wp-block-heading\">Th\u00e9rapie active<\/h3>\n\n\n\n<p>\ud83d\udcaa <strong>Bougez pour mieux gu\u00e9rir !<\/strong><br>La th\u00e9rapie active place le mouvement au c\u0153ur de votre r\u00e9\u00e9ducation gr\u00e2ce \u00e0 des exercices personnalis\u00e9s r\u00e9alis\u00e9s avec votre kin\u00e9sith\u00e9rapeute. Elle favorise le renforcement musculaire, la mobilit\u00e9 et l\u2019autonomie, tout en respectant votre rythme et vos objectifs.<br>\ud83d\udc49 <strong>Devenez acteur de votre sant\u00e9 avec AquaKin\u00e9 Dauphin\u00e9.<\/strong><\/p>\n\n\n\n<h3 class=\"wp-block-heading\">M\u00e9thode Mc KENZIE<\/h3>\n\n\n\n<p>La m\u00e9thode Mc Kenzie, \u00e9galement appel\u00e9e <strong>M\u00e9thode de Diagnostic et de Th\u00e9rapie M\u00e9canique (MDT)<\/strong>, est une approche reconnue dans le traitement des douleurs musculo-squelettiques, notamment au niveau du <strong>dos (lombalgie)<\/strong> et du <strong>cou (cervicalgie)<\/strong>.<\/p>\n\n\n\n<p>D\u00e9velopp\u00e9e par le kin\u00e9sith\u00e9rapeute n\u00e9o-z\u00e9landais Robin McKenzie, cette m\u00e9thode repose sur un <strong>diagnostic pr\u00e9cis bas\u00e9 sur les mouvements<\/strong> et les <strong>positions du corps<\/strong>, afin d\u2019identifier les causes m\u00e9caniques des douleurs. Contrairement \u00e0 des techniques passives, la m\u00e9thode McKenzie <strong>implique activement le patient<\/strong> dans sa prise en charge gr\u00e2ce \u00e0 des <strong>exercices simples, cibl\u00e9s et personnalis\u00e9s<\/strong>.<\/p>\n\n\n\n<h3 class=\"wp-block-heading\">Kin\u00e9siotaping<\/h3>\n\n\n\n<p>\ud83c\udf97\ufe0f <strong>Soulagez, soutenez, bougez !<\/strong><br>Le kin\u00e9siotaping utilise des bandes \u00e9lastiques pour soulager vos douleurs, r\u00e9duire les tensions et am\u00e9liorer la mobilit\u00e9, tout en vous laissant libre de vos mouvements.<br>\ud83d\udc49 <strong>Optimisez votre r\u00e9cup\u00e9ration avec AquaKin\u00e9 Dauphin\u00e9.<\/strong><\/p>\n\n\n\n<h3 class=\"wp-block-heading\">Crochetage Myo-Apon\u00e9vrotique<\/h3>\n\n\n\n<p>\ud83e\ude9d <strong>Lib\u00e9rez vos tensions et am\u00e9liorez la mobilit\u00e9 des tissus gr\u00e2ce au crochetage myo-apon\u00e9vrotique, une technique pr\u00e9cise pour soulager vos douleurs.<\/strong><\/p>\n\n\n\n<h3 class=\"wp-block-heading\">\u00c9lectroth\u00e9rapie<\/h3>\n\n\n\n<p>\u26a1 <strong>Soulagez vos douleurs et acc\u00e9l\u00e9rez votre r\u00e9cup\u00e9ration gr\u00e2ce \u00e0 l\u2019\u00e9lectroth\u00e9rapie, en compl\u00e9ment de vos s\u00e9ances de kin\u00e9sith\u00e9rapie chez AquaKin\u00e9 Dauphin\u00e9.<\/strong><\/p>\n\n\n\n<h3 class=\"wp-block-heading\">P\u00e9dalage Proprioceptif<\/h3>\n\n\n\n<p>\ud83d\udeb4\u200d\u2640\ufe0f <strong>Am\u00e9liorez votre coordination, votre \u00e9quilibre et la qualit\u00e9 de vos mouvements gr\u00e2ce au p\u00e9dalage proprioceptif int\u00e9gr\u00e9 \u00e0 vos s\u00e9ances de r\u00e9\u00e9ducation.<\/strong><\/p>\n","protected":false},"excerpt":{"rendered":"<p>Th\u00e9rapie active \ud83d\udcaa Bougez pour mieux gu\u00e9rir !La th\u00e9rapie active place le mouvement au c\u0153ur de votre r\u00e9\u00e9ducation gr\u00e2ce \u00e0 des exercices personnalis\u00e9s r\u00e9alis\u00e9s avec votre kin\u00e9sith\u00e9rapeute. Elle favorise le renforcement musculaire, la mobilit\u00e9 et l\u2019autonomie, tout en respectant votre rythme et vos objectifs.\ud83d\udc49 Devenez acteur de votre sant\u00e9 avec AquaKin\u00e9 Dauphin\u00e9. M\u00e9thode Mc KENZIE&#8230;<\/p>\n","protected":false},"author":1,"featured_media":0,"parent":0,"menu_order":0,"comment_status":"closed","ping_status":"closed","template":"","meta":{"_kad_post_transparent":"","_kad_post_title":"","_kad_post_layout":"","_kad_post_sidebar_id":"","_kad_post_content_style":"","_kad_post_vertical_padding":"","_kad_post_feature":"","_kad_post_feature_position":"","_kad_post_header":false,"_kad_post_footer":false,"footnotes":""},"class_list":["post-29","page","type-page","status-publish","hentry"],"_links":{"self":[{"href":"https:\/\/aquakinedauphine.fr\/index.php?rest_route=\/wp\/v2\/pages\/29","targetHints":{"allow":["GET"]}}],"collection":[{"href":"https:\/\/aquakinedauphine.fr\/index.php?rest_route=\/wp\/v2\/pages"}],"about":[{"href":"https:\/\/aquakinedauphine.fr\/index.php?rest_route=\/wp\/v2\/types\/page"}],"author":[{"embeddable":true,"href":"https:\/\/aquakinedauphine.fr\/index.php?rest_route=\/wp\/v2\/users\/1"}],"replies":[{"embeddable":true,"href":"https:\/\/aquakinedauphine.fr\/index.php?rest_route=%2Fwp%2Fv2%2Fcomments&post=29"}],"version-history":[{"count":13,"href":"https:\/\/aquakinedauphine.fr\/index.php?rest_route=\/wp\/v2\/pages\/29\/revisions"}],"predecessor-version":[{"id":338,"href":"https:\/\/aquakinedauphine.fr\/index.php?rest_route=\/wp\/v2\/pages\/29\/revisions\/338"}],"wp:attachment":[{"href":"https:\/\/aquakinedauphine.fr\/index.php?rest_route=%2Fwp%2Fv2%2Fmedia&parent=29"}],"curies":[{"name":"wp","href":"https:\/\/api.w.org\/{rel}","templated":true}]}}