{"id":294,"date":"2025-07-14T19:31:04","date_gmt":"2025-07-14T17:31:04","guid":{"rendered":"http:\/\/aquakinedauphine.fr\/?page_id=294"},"modified":"2025-07-24T20:22:03","modified_gmt":"2025-07-24T18:22:03","slug":"kinesitherapie-generale","status":"publish","type":"page","link":"https:\/\/aquakinedauphine.fr\/?page_id=294","title":{"rendered":"Kin\u00e9sith\u00e9rapie G\u00e9n\u00e9rale"},"content":{"rendered":"\n<h2 class=\"wp-block-heading\">La Kin\u00e9sith\u00e9rapie G\u00e9n\u00e9rale <\/h2>\n\n\n\n<p>La <strong>kin\u00e9sith\u00e9rapie g\u00e9n\u00e9rale<\/strong> accompagne la r\u00e9\u00e9ducation de nombreuses pathologies et douleurs pour <strong>vous permettre de retrouver mobilit\u00e9, confort et autonomie au quotidien<\/strong>. Les kin\u00e9s, qui sont des professionnels de sant\u00e9 certifi\u00e9s, utilisent des techniques manuelles, des exercices th\u00e9rapeutiques et des modalit\u00e9s physiques pour traiter une grande vari\u00e9t\u00e9 de sympt\u00f4mes.<\/p>\n\n\n\n<h3 class=\"wp-block-heading\">Objectifs<\/h3>\n\n\n\n<p>\u2705 Restaurer la fonction physique normale<br>\u2705 Soulager les douleurs<br>\u2705 Pr\u00e9venir les blessures et r\u00e9cidives<br>\u2705 Am\u00e9liorer la mobilit\u00e9 et l&rsquo;autonomie<br><\/p>\n\n\n\n<h3 class=\"wp-block-heading\">Indications th\u00e9rapeutiques<\/h3>\n\n\n\n<p>\u2714  Rhumatologie, sympt\u00f4mes inflammatoires ou chroniques li\u00e9s \u00e0 l&rsquo;appareil locomoteur (arthrose, arthrite, tendinopathies, lombalgies, \u00e9paule douloureuse, spondylarthrite ankylosante)<br>\u2714 Orthop\u00e9die, prise en charge pr\u00e9 et post op\u00e9ratoire (proth\u00e8ses et chirurgies orthop\u00e9diques, scoliose, pathologies de croissance de l&rsquo;adolescent, hernie discale)<br>\u2714Neurologie (AVC, Parkinson, troubles de l&rsquo;\u00e9quilibre et instabilit\u00e9 d&rsquo;origine centrale, SEP) <br>\u2714 Traumatologie (fracture, luxations, entorses, l\u00e9sions musculaires)<br><\/p>\n\n\n\n<h3 class=\"wp-block-heading\">Comment se d\u00e9roule une s\u00e9ance ?<\/h3>\n\n\n\n<p>Lors de votre premi\u00e8re s\u00e9ance :<\/p>\n\n\n\n<ul class=\"wp-block-list\">\n<li>Votre kin\u00e9sith\u00e9rapeute r\u00e9alise un <strong>bilan personnalis\u00e9<\/strong> en fonction de vos douleurs, de votre pathologie et de vos objectifs,<\/li>\n\n\n\n<li>Met en place un <strong>programme de r\u00e9\u00e9ducation individualis\u00e9<\/strong>,<\/li>\n\n\n\n<li>Vous accompagne dans des exercices adapt\u00e9s et des conseils pour prolonger les bienfaits de vos s\u00e9ances au quotidien.<\/li>\n<\/ul>\n\n\n\n<p>Les s\u00e9ances se d\u00e9roulent dans une <strong>atmosph\u00e8re respectueuse de votre rythme et de vos capacit\u00e9s.<\/strong><\/p>\n","protected":false},"excerpt":{"rendered":"<p>La Kin\u00e9sith\u00e9rapie G\u00e9n\u00e9rale La kin\u00e9sith\u00e9rapie g\u00e9n\u00e9rale accompagne la r\u00e9\u00e9ducation de nombreuses pathologies et douleurs pour vous permettre de retrouver mobilit\u00e9, confort et autonomie au quotidien. Les kin\u00e9s, qui sont des professionnels de sant\u00e9 certifi\u00e9s, utilisent des techniques manuelles, des exercices th\u00e9rapeutiques et des modalit\u00e9s physiques pour traiter une grande vari\u00e9t\u00e9 de sympt\u00f4mes. Objectifs \u2705 Restaurer&#8230;<\/p>\n","protected":false},"author":1,"featured_media":0,"parent":0,"menu_order":0,"comment_status":"closed","ping_status":"closed","template":"","meta":{"_kad_post_transparent":"","_kad_post_title":"","_kad_post_layout":"","_kad_post_sidebar_id":"","_kad_post_content_style":"","_kad_post_vertical_padding":"","_kad_post_feature":"","_kad_post_feature_position":"","_kad_post_header":false,"_kad_post_footer":false,"footnotes":""},"class_list":["post-294","page","type-page","status-publish","hentry"],"_links":{"self":[{"href":"https:\/\/aquakinedauphine.fr\/index.php?rest_route=\/wp\/v2\/pages\/294","targetHints":{"allow":["GET"]}}],"collection":[{"href":"https:\/\/aquakinedauphine.fr\/index.php?rest_route=\/wp\/v2\/pages"}],"about":[{"href":"https:\/\/aquakinedauphine.fr\/index.php?rest_route=\/wp\/v2\/types\/page"}],"author":[{"embeddable":true,"href":"https:\/\/aquakinedauphine.fr\/index.php?rest_route=\/wp\/v2\/users\/1"}],"replies":[{"embeddable":true,"href":"https:\/\/aquakinedauphine.fr\/index.php?rest_route=%2Fwp%2Fv2%2Fcomments&post=294"}],"version-history":[{"count":5,"href":"https:\/\/aquakinedauphine.fr\/index.php?rest_route=\/wp\/v2\/pages\/294\/revisions"}],"predecessor-version":[{"id":354,"href":"https:\/\/aquakinedauphine.fr\/index.php?rest_route=\/wp\/v2\/pages\/294\/revisions\/354"}],"wp:attachment":[{"href":"https:\/\/aquakinedauphine.fr\/index.php?rest_route=%2Fwp%2Fv2%2Fmedia&parent=294"}],"curies":[{"name":"wp","href":"https:\/\/api.w.org\/{rel}","templated":true}]}}