{"id":31,"date":"2025-06-23T18:29:13","date_gmt":"2025-06-23T16:29:13","guid":{"rendered":"http:\/\/aquakinedauphine.fr\/?page_id=31"},"modified":"2025-06-24T09:11:27","modified_gmt":"2025-06-24T07:11:27","slug":"notre-philosophie","status":"publish","type":"page","link":"https:\/\/aquakinedauphine.fr\/?page_id=31","title":{"rendered":"Notre philosophie"},"content":{"rendered":"\n<p><strong>Notre devise : Pr\u00e9venir, Soigner, Conseiller<\/strong><\/p>\n\n\n\n<p>Chez&nbsp;<em>Aquakin\u00e9 Dauphin\u00e9<\/em>, nous croyons en une approche globale de la sant\u00e9, centr\u00e9e sur la pr\u00e9vention, le soin et le conseil.<\/p>\n\n\n\n<h3 class=\"wp-block-heading\">\ud83d\udd39&nbsp;<strong>Pr\u00e9venir<\/strong><\/h3>\n\n\n\n<p class=\"has-text-align-left\">Prendre soin de son corps au quotidien est essentiel. Nous vous accompagnons pour \u00e9viter les maux et maintenir une bonne sant\u00e9. La pr\u00e9vention primaire en kin\u00e9sith\u00e9rapie consiste \u00e0 doter chaque individu de moyens physiques et intellectuels afin qu\u2019il puisse s\u2019adapter en fonction de son environnement scolaire, personnel ou professionnel.<\/p>\n\n\n\n<h3 class=\"wp-block-heading\">\ud83d\udd39&nbsp;<strong>Soigner<\/strong><\/h3>\n\n\n\n<p>Nous sommes avant tout des soignants. Notre expertise est d\u00e9di\u00e9e \u00e0 vous offrir des soins adapt\u00e9s, visant \u00e0 restaurer votre bien-\u00eatre et votre mobilit\u00e9. La kin\u00e9sith\u00e9rapie est essentielle pour obtenir une r\u00e9cup\u00e9ration compl\u00e8te de sa mobilit\u00e9 et de ses capacit\u00e9s physiques, et \u00e9viter les r\u00e9cidives d\u2019\u00e9pisodes douloureux.<\/p>\n\n\n\n<h3 class=\"wp-block-heading\">\ud83d\udd39&nbsp;<strong>Conseiller<\/strong><\/h3>\n\n\n\n<p>Chaque personne est unique, et vos questionnements m\u00e9ritent des r\u00e9ponses personnalis\u00e9es. Nous sommes l\u00e0 pour vous guider et vous aider \u00e0 adopter les meilleures pratiques pour votre sant\u00e9. Les kin\u00e9sith\u00e9rapeutes \u00e9voquent r\u00e9guli\u00e8rement avec leurs patients des th\u00e9matiques de pr\u00e9vention, principalement avec les adultes et les seniors.<\/p>\n\n\n\n<p>Ensemble, avan\u00e7ons vers une meilleure sant\u00e9. Votre engagement est essentiel, et nous sommes l\u00e0 pour vous accompagner \u00e0 chaque \u00e9tape.<a href=\"https:\/\/www.facebook.com\/ad_center\/create\/boostpost\/?ad_account_id=151513610&amp;entry_point=www_profile_plus_comet_media_viewer&amp;page_id=108631658991490&amp;target_id=457473290779613&amp;__cft__[0]=AZX6XA74NX_jm4ExNnh2lqgRjj-eUYfytcRoH5W4aONbF0M5v91klzP-KkPzIQjbucrG_rMyikwiTsIgvWOrxrHVUgopWPwz358I3M9fENzlRd8pyffLAh4FpbnBzAZZD4pxUFRcvI5IbkcQOEvxr83TmCjZe4dF6r9NC7BkzbkjtQdoeSVog4dLIrrkW-RE4sU&amp;__tn__=*F\"><\/a><\/p>\n","protected":false},"excerpt":{"rendered":"<p>Notre devise : Pr\u00e9venir, Soigner, Conseiller Chez&nbsp;Aquakin\u00e9 Dauphin\u00e9, nous croyons en une approche globale de la sant\u00e9, centr\u00e9e sur la pr\u00e9vention, le soin et le conseil. \ud83d\udd39&nbsp;Pr\u00e9venir Prendre soin de son corps au quotidien est essentiel. Nous vous accompagnons pour \u00e9viter les maux et maintenir une bonne sant\u00e9. La pr\u00e9vention primaire en kin\u00e9sith\u00e9rapie consiste \u00e0&#8230;<\/p>\n","protected":false},"author":1,"featured_media":0,"parent":0,"menu_order":0,"comment_status":"closed","ping_status":"closed","template":"","meta":{"_kad_post_transparent":"","_kad_post_title":"","_kad_post_layout":"","_kad_post_sidebar_id":"","_kad_post_content_style":"","_kad_post_vertical_padding":"","_kad_post_feature":"","_kad_post_feature_position":"","_kad_post_header":false,"_kad_post_footer":false,"footnotes":""},"class_list":["post-31","page","type-page","status-publish","hentry"],"_links":{"self":[{"href":"https:\/\/aquakinedauphine.fr\/index.php?rest_route=\/wp\/v2\/pages\/31","targetHints":{"allow":["GET"]}}],"collection":[{"href":"https:\/\/aquakinedauphine.fr\/index.php?rest_route=\/wp\/v2\/pages"}],"about":[{"href":"https:\/\/aquakinedauphine.fr\/index.php?rest_route=\/wp\/v2\/types\/page"}],"author":[{"embeddable":true,"href":"https:\/\/aquakinedauphine.fr\/index.php?rest_route=\/wp\/v2\/users\/1"}],"replies":[{"embeddable":true,"href":"https:\/\/aquakinedauphine.fr\/index.php?rest_route=%2Fwp%2Fv2%2Fcomments&post=31"}],"version-history":[{"count":3,"href":"https:\/\/aquakinedauphine.fr\/index.php?rest_route=\/wp\/v2\/pages\/31\/revisions"}],"predecessor-version":[{"id":185,"href":"https:\/\/aquakinedauphine.fr\/index.php?rest_route=\/wp\/v2\/pages\/31\/revisions\/185"}],"wp:attachment":[{"href":"https:\/\/aquakinedauphine.fr\/index.php?rest_route=%2Fwp%2Fv2%2Fmedia&parent=31"}],"curies":[{"name":"wp","href":"https:\/\/api.w.org\/{rel}","templated":true}]}}