{"id":313,"date":"2025-07-14T20:13:12","date_gmt":"2025-07-14T18:13:12","guid":{"rendered":"http:\/\/aquakinedauphine.fr\/?page_id=313"},"modified":"2025-11-11T18:21:12","modified_gmt":"2025-11-11T17:21:12","slug":"nos-prestations-hors-nomenclature","status":"publish","type":"page","link":"https:\/\/aquakinedauphine.fr\/?page_id=313","title":{"rendered":"Nos Prestations compl\u00e9mentaires"},"content":{"rendered":"\n<p><em>Pour la prise de rdv pour les prestations suivantes, merci d&rsquo;envoyer un sms au <strong>07 67 36 04 83<\/strong> en pr\u00e9cisant votre nom, pr\u00e9nom et le type de prestation souhait\u00e9.<\/em><\/p>\n\n\n\n<h3 class=\"wp-block-heading\">Le Dry Needling<\/h3>\n\n\n\n<p>Le&nbsp;<strong>Dry Needling<\/strong>&nbsp;est une m\u00e9thode de traitement qui consiste \u00e0 ins\u00e9rer de fines aiguilles st\u00e9riles directement dans les&nbsp;<strong>points trigger<\/strong>&nbsp;(zones de tension musculaire), sans injection de produit. Cette technique permet de&nbsp;<strong>d\u00e9tendre le muscle<\/strong>,&nbsp;<strong>r\u00e9duire la douleur<\/strong>&nbsp;et&nbsp;<strong>am\u00e9liorer la mobilit\u00e9<\/strong>. Elle est particuli\u00e8rement efficace dans le cadre de douleurs chroniques, de contractures ou de troubles musculo-squelettiques localis\u00e9s.<\/p>\n\n\n\n<p>Pratiqu\u00e9 uniquement par des professionnels form\u00e9s, le Dry Needling compl\u00e8te efficacement les soins en kin\u00e9sith\u00e9rapie.<\/p>\n\n\n\n<p><em>Dur\u00e9e de la s\u00e9ance : 30 minutes<\/em><\/p>\n\n\n\n<p><em>Tarif de la s\u00e9ance : 30 \u20ac<\/em><\/p>\n\n\n\n<h3 class=\"wp-block-heading\"><strong>M\u00e9thode Busquet \u2013 Cha\u00eenes musculaires et articulaires<\/strong><\/h3>\n\n\n\n<p>La m\u00e9thode Busquet est une approche globale qui traite le corps dans son ensemble en s\u2019appuyant sur le concept de <strong>cha\u00eenes musculaires<\/strong>. Elle permet d\u2019identifier et de corriger les <strong>d\u00e9s\u00e9quilibres posturaux<\/strong> \u00e0 l\u2019origine de nombreuses douleurs chroniques ou r\u00e9cidivantes. Douce, pr\u00e9cise et respectueuse du corps, cette m\u00e9thode vise \u00e0 <strong>restaurer l\u2019harmonie corporelle durablement<\/strong>.<\/p>\n\n\n\n<p><em>Dur\u00e9e de la s\u00e9ance : 50 minutes<\/em><\/p>\n\n\n\n<p><em>Tarif de la s\u00e9ance : 50 \u20ac<\/em><\/p>\n\n\n\n<h3 class=\"wp-block-heading\">Th\u00e9rapie Manuelle Orthop\u00e9dique<\/h3>\n\n\n\n<p>\ud83d\udc50 <strong>Retrouvez mobilit\u00e9 et confort gr\u00e2ce \u00e0 la th\u00e9rapie manuelle orthop\u00e9dique, qui soulage vos douleurs et restaure vos mouvements \u00e0 l&rsquo;aide de techniques sp\u00e9cifiques.<\/strong><\/p>\n\n\n\n<p><em>Dur\u00e9e de la s\u00e9ance : 50 minutes<\/em><\/p>\n\n\n\n<p><em>Tarif de la s\u00e9ance : 50 \u20ac<\/em><\/p>\n\n\n\n<p><strong><em>Ces techniques font l&rsquo;objet d&rsquo;un acte hors nomenclature et ne sont pas rembours\u00e9es dans le cadre des conventions avec la s\u00e9curit\u00e9 sociale mais peuvent \u00e9ventuellement \u00eatre prise en charge partiellement ou totalement par certaine mutuelles.<\/em><\/strong> <strong><em>Une facture vous sera remise par votre th\u00e9rapeute.<\/em><\/strong><\/p>\n","protected":false},"excerpt":{"rendered":"<p>Pour la prise de rdv pour les prestations suivantes, merci d&rsquo;envoyer un sms au 07 67 36 04 83 en pr\u00e9cisant votre nom, pr\u00e9nom et le type de prestation souhait\u00e9. Le Dry Needling Le&nbsp;Dry Needling&nbsp;est une m\u00e9thode de traitement qui consiste \u00e0 ins\u00e9rer de fines aiguilles st\u00e9riles directement dans les&nbsp;points trigger&nbsp;(zones de tension musculaire), sans&#8230;<\/p>\n","protected":false},"author":1,"featured_media":0,"parent":0,"menu_order":0,"comment_status":"closed","ping_status":"closed","template":"","meta":{"_kad_post_transparent":"","_kad_post_title":"","_kad_post_layout":"","_kad_post_sidebar_id":"","_kad_post_content_style":"","_kad_post_vertical_padding":"","_kad_post_feature":"","_kad_post_feature_position":"","_kad_post_header":false,"_kad_post_footer":false,"footnotes":""},"class_list":["post-313","page","type-page","status-publish","hentry"],"_links":{"self":[{"href":"https:\/\/aquakinedauphine.fr\/index.php?rest_route=\/wp\/v2\/pages\/313","targetHints":{"allow":["GET"]}}],"collection":[{"href":"https:\/\/aquakinedauphine.fr\/index.php?rest_route=\/wp\/v2\/pages"}],"about":[{"href":"https:\/\/aquakinedauphine.fr\/index.php?rest_route=\/wp\/v2\/types\/page"}],"author":[{"embeddable":true,"href":"https:\/\/aquakinedauphine.fr\/index.php?rest_route=\/wp\/v2\/users\/1"}],"replies":[{"embeddable":true,"href":"https:\/\/aquakinedauphine.fr\/index.php?rest_route=%2Fwp%2Fv2%2Fcomments&post=313"}],"version-history":[{"count":8,"href":"https:\/\/aquakinedauphine.fr\/index.php?rest_route=\/wp\/v2\/pages\/313\/revisions"}],"predecessor-version":[{"id":380,"href":"https:\/\/aquakinedauphine.fr\/index.php?rest_route=\/wp\/v2\/pages\/313\/revisions\/380"}],"wp:attachment":[{"href":"https:\/\/aquakinedauphine.fr\/index.php?rest_route=%2Fwp%2Fv2%2Fmedia&parent=313"}],"curies":[{"name":"wp","href":"https:\/\/api.w.org\/{rel}","templated":true}]}}