{"id":35,"date":"2025-06-23T18:14:20","date_gmt":"2025-06-23T16:14:20","guid":{"rendered":"http:\/\/aquakinedauphine.fr\/?page_id=35"},"modified":"2025-07-24T20:12:12","modified_gmt":"2025-07-24T18:12:12","slug":"accueil-2","status":"publish","type":"page","link":"https:\/\/aquakinedauphine.fr\/","title":{"rendered":"Cabinet de Kin\u00e9sith\u00e9rapie et de Baln\u00e9oth\u00e9rapie"},"content":{"rendered":"<div class=\"wp-block-image\">\n<figure class=\"aligncenter size-large\"><img loading=\"lazy\" decoding=\"async\" width=\"1024\" height=\"696\" src=\"https:\/\/aquakinedauphine.fr\/wp-content\/uploads\/2025\/06\/Affiche-evenement-vide-grenier-illustratif-1024x696.png\" alt=\"Cabinet de Kin\u00e9sith\u00e9rapie et de Baln\u00e9oth\u00e9rapie\" class=\"wp-image-11\" srcset=\"https:\/\/aquakinedauphine.fr\/wp-content\/uploads\/2025\/06\/Affiche-evenement-vide-grenier-illustratif-1024x696.png 1024w, https:\/\/aquakinedauphine.fr\/wp-content\/uploads\/2025\/06\/Affiche-evenement-vide-grenier-illustratif-300x204.png 300w, https:\/\/aquakinedauphine.fr\/wp-content\/uploads\/2025\/06\/Affiche-evenement-vide-grenier-illustratif-768x522.png 768w, https:\/\/aquakinedauphine.fr\/wp-content\/uploads\/2025\/06\/Affiche-evenement-vide-grenier-illustratif.png 1247w\" sizes=\"auto, (max-width: 1024px) 100vw, 1024px\" \/><\/figure>\n<\/div>\n\n\n<p><a href=\"https:\/\/monrdvkine.fr\/cabinet-masseurs-kinesitherapeutes\/la-tour-du-pin-38110\/aquakine-dauphine-6519\">Prendre rdv en ligne<\/a><\/p>\n\n\n\n<p><\/p>\n\n\n\n<h2 class=\"wp-block-heading\">Votre r\u00f4le dans la r\u00e9\u00e9ducation<\/h2>\n\n\n\n<h2 class=\"wp-block-heading\">\ud83e\udd1d Ensemble vers votre bien-\u00eatre<\/h2>\n\n\n\n<p>Votre kin\u00e9sith\u00e9rapeute est l\u00e0 pour vous guider, vous accompagner et vous fournir les meilleurs outils pour votre r\u00e9\u00e9ducation. Cependant, la gu\u00e9rison ne repose pas uniquement sur les soins en s\u00e9ance\u2026 Votre engagement est essentiel !<\/p>\n\n\n\n<h3 class=\"wp-block-heading\">\u2705 Soyez acteur de votre bien-\u00eatre<\/h3>\n\n\n\n<ul class=\"wp-block-list\">\n<li><strong>Appliquez les conseils donn\u00e9s<\/strong>&nbsp;: chaque recommandation est adapt\u00e9e \u00e0 votre situation.<\/li>\n\n\n\n<li><strong>Respectez votre assiduit\u00e9<\/strong>&nbsp;: la r\u00e9gularit\u00e9 est la cl\u00e9 du progr\u00e8s.<\/li>\n\n\n\n<li><strong>Faites vos exercices \u00e0 la maison<\/strong>&nbsp;: c\u2019est en r\u00e9p\u00e9tant que le corps s\u2019am\u00e9liore.<\/li>\n\n\n\n<li><strong>Adoptez une bonne hygi\u00e8ne de vie<\/strong>&nbsp;: alimentation, sommeil et activit\u00e9 physique comptent aussi !<\/li>\n<\/ul>\n\n\n\n<h3 class=\"wp-block-heading\">\ud83d\udcaa Ensemble, nous avan\u00e7ons !<\/h3>\n\n\n\n<blockquote class=\"wp-block-quote is-layout-flow wp-block-quote-is-layout-flow\">\n<p>Votre corps a une incroyable capacit\u00e9 d\u2019adaptation et de r\u00e9cup\u00e9ration, mais il a besoin de vous pour y arriver !<\/p>\n<\/blockquote>\n\n\n\n<p><\/p>\n","protected":false},"excerpt":{"rendered":"<p>Prendre rdv en ligne Votre r\u00f4le dans la r\u00e9\u00e9ducation \ud83e\udd1d Ensemble vers votre bien-\u00eatre Votre kin\u00e9sith\u00e9rapeute est l\u00e0 pour vous guider, vous accompagner et vous fournir les meilleurs outils pour votre r\u00e9\u00e9ducation. Cependant, la gu\u00e9rison ne repose pas uniquement sur les soins en s\u00e9ance\u2026 Votre engagement est essentiel ! \u2705 Soyez acteur de votre bien-\u00eatre&#8230;<\/p>\n","protected":false},"author":1,"featured_media":11,"parent":0,"menu_order":0,"comment_status":"closed","ping_status":"closed","template":"","meta":{"_kad_post_transparent":"","_kad_post_title":"","_kad_post_layout":"","_kad_post_sidebar_id":"","_kad_post_content_style":"","_kad_post_vertical_padding":"","_kad_post_feature":"","_kad_post_feature_position":"","_kad_post_header":false,"_kad_post_footer":false,"footnotes":""},"class_list":["post-35","page","type-page","status-publish","has-post-thumbnail","hentry"],"_links":{"self":[{"href":"https:\/\/aquakinedauphine.fr\/index.php?rest_route=\/wp\/v2\/pages\/35","targetHints":{"allow":["GET"]}}],"collection":[{"href":"https:\/\/aquakinedauphine.fr\/index.php?rest_route=\/wp\/v2\/pages"}],"about":[{"href":"https:\/\/aquakinedauphine.fr\/index.php?rest_route=\/wp\/v2\/types\/page"}],"author":[{"embeddable":true,"href":"https:\/\/aquakinedauphine.fr\/index.php?rest_route=\/wp\/v2\/users\/1"}],"replies":[{"embeddable":true,"href":"https:\/\/aquakinedauphine.fr\/index.php?rest_route=%2Fwp%2Fv2%2Fcomments&post=35"}],"version-history":[{"count":11,"href":"https:\/\/aquakinedauphine.fr\/index.php?rest_route=\/wp\/v2\/pages\/35\/revisions"}],"predecessor-version":[{"id":352,"href":"https:\/\/aquakinedauphine.fr\/index.php?rest_route=\/wp\/v2\/pages\/35\/revisions\/352"}],"wp:featuredmedia":[{"embeddable":true,"href":"https:\/\/aquakinedauphine.fr\/index.php?rest_route=\/wp\/v2\/media\/11"}],"wp:attachment":[{"href":"https:\/\/aquakinedauphine.fr\/index.php?rest_route=%2Fwp%2Fv2%2Fmedia&parent=35"}],"curies":[{"name":"wp","href":"https:\/\/api.w.org\/{rel}","templated":true}]}}